{"id":2702,"date":"2022-10-14T19:40:18","date_gmt":"2022-10-14T19:40:18","guid":{"rendered":"https:\/\/www.olgamunari.com\/appuyez-sur\/"},"modified":"2023-06-07T03:49:20","modified_gmt":"2023-06-07T03:49:20","slug":"presse","status":"publish","type":"page","link":"https:\/\/www.olgamunari.com\/fr\/presse\/","title":{"rendered":"Presse"},"content":{"rendered":"\t\t<div data-elementor-type=\"wp-page\" data-elementor-id=\"2702\" class=\"elementor elementor-2702 elementor-1670\" data-elementor-post-type=\"page\">\n\t\t\t\t\t\t<section class=\"elementor-section elementor-top-section elementor-element elementor-element-4d0bcb00 elementor-section-height-min-height elementor-section-content-middle elementor-section-boxed elementor-section-height-default elementor-section-items-middle\" data-id=\"4d0bcb00\" data-element_type=\"section\" data-e-type=\"section\" data-settings=\"{&quot;background_background&quot;:&quot;classic&quot;}\">\n\t\t\t\t\t\t<div class=\"elementor-container elementor-column-gap-default\">\n\t\t\t\t\t<div class=\"elementor-column elementor-col-50 elementor-top-column elementor-element elementor-element-5bc07a45\" data-id=\"5bc07a45\" data-element_type=\"column\" data-e-type=\"column\">\n\t\t\t<div class=\"elementor-widget-wrap elementor-element-populated\">\n\t\t\t\t\t\t<div class=\"elementor-element elementor-element-6c87d04 elementor-widget elementor-widget-heading\" data-id=\"6c87d04\" data-element_type=\"widget\" data-e-type=\"widget\" data-widget_type=\"heading.default\">\n\t\t\t\t<div class=\"elementor-widget-container\">\n\t\t\t\t\t<h1 class=\"elementor-heading-title elementor-size-default\">Presse<\/h1>\t\t\t\t<\/div>\n\t\t\t\t<\/div>\n\t\t\t\t\t<\/div>\n\t\t<\/div>\n\t\t\t\t<div class=\"elementor-column elementor-col-50 elementor-top-column elementor-element elementor-element-27cac4b1\" data-id=\"27cac4b1\" data-element_type=\"column\" data-e-type=\"column\">\n\t\t\t<div class=\"elementor-widget-wrap\">\n\t\t\t\t\t\t\t<\/div>\n\t\t<\/div>\n\t\t\t\t\t<\/div>\n\t\t<\/section>\n\t\t\t\t<section class=\"elementor-section elementor-top-section elementor-element elementor-element-215e37f7 elementor-section-content-top elementor-section-boxed elementor-section-height-default elementor-section-height-default\" data-id=\"215e37f7\" data-element_type=\"section\" data-e-type=\"section\">\n\t\t\t\t\t\t<div class=\"elementor-container elementor-column-gap-no\">\n\t\t\t\t\t<div class=\"elementor-column elementor-col-66 elementor-top-column elementor-element elementor-element-f4af4e0\" data-id=\"f4af4e0\" data-element_type=\"column\" data-e-type=\"column\">\n\t\t\t<div class=\"elementor-widget-wrap elementor-element-populated\">\n\t\t\t\t\t\t<div class=\"elementor-element elementor-element-33a9778 elementor-widget elementor-widget-video\" data-id=\"33a9778\" data-element_type=\"widget\" data-e-type=\"widget\" data-settings=\"{&quot;youtube_url&quot;:&quot;https:\\\/\\\/www.youtube.com\\\/watch?time_continue=14&amp;v=AkJ7AoDZDFU&amp;feature=emb_logo&quot;,&quot;video_type&quot;:&quot;youtube&quot;,&quot;controls&quot;:&quot;yes&quot;}\" data-widget_type=\"video.default\">\n\t\t\t\t<div class=\"elementor-widget-container\">\n\t\t\t\t\t\t\t<div class=\"elementor-wrapper elementor-open-inline\">\n\t\t\t<div class=\"elementor-video\"><\/div>\t\t<\/div>\n\t\t\t\t\t\t<\/div>\n\t\t\t\t<\/div>\n\t\t\t\t<div class=\"elementor-element elementor-element-b88872d elementor-widget elementor-widget-video\" data-id=\"b88872d\" data-element_type=\"widget\" data-e-type=\"widget\" data-settings=\"{&quot;youtube_url&quot;:&quot;https:\\\/\\\/www.youtube.com\\\/watch?v=a4euRGb5jKM&quot;,&quot;video_type&quot;:&quot;youtube&quot;,&quot;controls&quot;:&quot;yes&quot;}\" data-widget_type=\"video.default\">\n\t\t\t\t<div class=\"elementor-widget-container\">\n\t\t\t\t\t\t\t<div class=\"elementor-wrapper elementor-open-inline\">\n\t\t\t<div class=\"elementor-video\"><\/div>\t\t<\/div>\n\t\t\t\t\t\t<\/div>\n\t\t\t\t<\/div>\n\t\t\t\t<div class=\"elementor-element elementor-element-c096f9b elementor-widget elementor-widget-video\" data-id=\"c096f9b\" data-element_type=\"widget\" data-e-type=\"widget\" data-settings=\"{&quot;youtube_url&quot;:&quot;https:\\\/\\\/www.youtube.com\\\/watch?v=tZN4bStBXww&quot;,&quot;video_type&quot;:&quot;youtube&quot;,&quot;controls&quot;:&quot;yes&quot;}\" data-widget_type=\"video.default\">\n\t\t\t\t<div class=\"elementor-widget-container\">\n\t\t\t\t\t\t\t<div class=\"elementor-wrapper elementor-open-inline\">\n\t\t\t<div class=\"elementor-video\"><\/div>\t\t<\/div>\n\t\t\t\t\t\t<\/div>\n\t\t\t\t<\/div>\n\t\t\t\t\t<\/div>\n\t\t<\/div>\n\t\t\t\t<div class=\"elementor-column elementor-col-33 elementor-top-column elementor-element elementor-element-797e2622\" data-id=\"797e2622\" data-element_type=\"column\" data-e-type=\"column\" data-settings=\"{&quot;background_background&quot;:&quot;classic&quot;}\">\n\t\t\t<div class=\"elementor-widget-wrap elementor-element-populated\">\n\t\t\t\t\t\t<div class=\"elementor-element elementor-element-39f4a98d elementor-share-buttons--view-icon elementor-grid-tablet-3 elementor-grid-mobile-0 elementor-share-buttons--color-custom elementor-share-buttons--skin-gradient elementor-share-buttons--shape-square elementor-grid-0 elementor-widget elementor-widget-share-buttons\" data-id=\"39f4a98d\" data-element_type=\"widget\" data-e-type=\"widget\" data-widget_type=\"share-buttons.default\">\n\t\t\t\t<div class=\"elementor-widget-container\">\n\t\t\t\t\t\t\t<div class=\"elementor-grid\" role=\"list\">\n\t\t\t\t\t\t\t\t<div class=\"elementor-grid-item\" role=\"listitem\">\n\t\t\t\t\t\t<div class=\"elementor-share-btn elementor-share-btn_facebook\" role=\"button\" tabindex=\"0\" aria-label=\"Partager sur facebook\">\n\t\t\t\t\t\t\t\t\t\t\t\t\t\t\t<span class=\"elementor-share-btn__icon\">\n\t\t\t\t\t\t\t\t<i class=\"fab fa-facebook\" aria-hidden=\"true\"><\/i>\t\t\t\t\t\t\t<\/span>\n\t\t\t\t\t\t\t\t\t\t\t\t\t\t\t\t\t\t\t\t<\/div>\n\t\t\t\t\t<\/div>\n\t\t\t\t\t\t\t\t\t<div class=\"elementor-grid-item\" role=\"listitem\">\n\t\t\t\t\t\t<div class=\"elementor-share-btn elementor-share-btn_twitter\" role=\"button\" tabindex=\"0\" aria-label=\"Partager sur twitter\">\n\t\t\t\t\t\t\t\t\t\t\t\t\t\t\t<span class=\"elementor-share-btn__icon\">\n\t\t\t\t\t\t\t\t<i class=\"fab fa-twitter\" aria-hidden=\"true\"><\/i>\t\t\t\t\t\t\t<\/span>\n\t\t\t\t\t\t\t\t\t\t\t\t\t\t\t\t\t\t\t\t<\/div>\n\t\t\t\t\t<\/div>\n\t\t\t\t\t\t\t\t\t<div class=\"elementor-grid-item\" role=\"listitem\">\n\t\t\t\t\t\t<div class=\"elementor-share-btn elementor-share-btn_linkedin\" role=\"button\" tabindex=\"0\" aria-label=\"Partager sur linkedin\">\n\t\t\t\t\t\t\t\t\t\t\t\t\t\t\t<span class=\"elementor-share-btn__icon\">\n\t\t\t\t\t\t\t\t<i class=\"fab fa-linkedin\" aria-hidden=\"true\"><\/i>\t\t\t\t\t\t\t<\/span>\n\t\t\t\t\t\t\t\t\t\t\t\t\t\t\t\t\t\t\t\t<\/div>\n\t\t\t\t\t<\/div>\n\t\t\t\t\t\t\t\t\t<div class=\"elementor-grid-item\" role=\"listitem\">\n\t\t\t\t\t\t<div class=\"elementor-share-btn elementor-share-btn_whatsapp\" role=\"button\" tabindex=\"0\" aria-label=\"Partager sur whatsapp\">\n\t\t\t\t\t\t\t\t\t\t\t\t\t\t\t<span class=\"elementor-share-btn__icon\">\n\t\t\t\t\t\t\t\t<i class=\"fab fa-whatsapp\" aria-hidden=\"true\"><\/i>\t\t\t\t\t\t\t<\/span>\n\t\t\t\t\t\t\t\t\t\t\t\t\t\t\t\t\t\t\t\t<\/div>\n\t\t\t\t\t<\/div>\n\t\t\t\t\t\t<\/div>\n\t\t\t\t\t\t<\/div>\n\t\t\t\t<\/div>\n\t\t\t\t<div class=\"elementor-element elementor-element-754e9cfd elementor-widget elementor-widget-wp-widget-categories\" data-id=\"754e9cfd\" data-element_type=\"widget\" data-e-type=\"widget\" data-widget_type=\"wp-widget-categories.default\">\n\t\t\t\t<div class=\"elementor-widget-container\">\n\t\t\t\t\t<h5>Cat\u00e9gories<\/h5><nav aria-label=\"Cat\u00e9gories\">\n\t\t\t<ul>\n\t\t\t\t\t<li class=\"cat-item cat-item-32\"><a href=\"https:\/\/www.olgamunari.com\/fr\/category\/appuyez-sur\/\">Appuyez sur<\/a>\n<\/li>\n\t<li class=\"cat-item cat-item-35\"><a href=\"https:\/\/www.olgamunari.com\/fr\/category\/guerison-par-le-son\/\">Gu\u00e9rison par le son<\/a>\n<\/li>\n\t<li class=\"cat-item cat-item-34\"><a href=\"https:\/\/www.olgamunari.com\/fr\/category\/journal\/\">Journal<\/a>\n<\/li>\n\t<li class=\"cat-item cat-item-31\"><a href=\"https:\/\/www.olgamunari.com\/fr\/category\/les-joyaux-dolga\/\">Les joyaux d&#039;Olga<\/a>\n<\/li>\n\t<li class=\"cat-item cat-item-33\"><a href=\"https:\/\/www.olgamunari.com\/fr\/category\/podcast-fr\/\">Podcast<\/a>\n<\/li>\n\t\t\t<\/ul>\n\n\t\t\t<\/nav>\t\t\t\t<\/div>\n\t\t\t\t<\/div>\n\t\t\t\t<div class=\"elementor-element elementor-element-4a8394ec elementor-widget elementor-widget-image\" data-id=\"4a8394ec\" data-element_type=\"widget\" data-e-type=\"widget\" data-widget_type=\"image.default\">\n\t\t\t\t<div class=\"elementor-widget-container\">\n\t\t\t\t\t\t\t\t\t\t\t\t\t\t\t<img fetchpriority=\"high\" decoding=\"async\" width=\"683\" height=\"1024\" src=\"https:\/\/www.olgamunari.com\/wp-content\/uploads\/2022\/09\/Joelle-and-Dahna-08-683x1024.jpg\" class=\"attachment-large size-large wp-image-2630\" alt=\"\" srcset=\"https:\/\/www.olgamunari.com\/wp-content\/uploads\/2022\/09\/Joelle-and-Dahna-08-683x1024.jpg 683w, https:\/\/www.olgamunari.com\/wp-content\/uploads\/2022\/09\/Joelle-and-Dahna-08-200x300.jpg 200w, https:\/\/www.olgamunari.com\/wp-content\/uploads\/2022\/09\/Joelle-and-Dahna-08-768x1151.jpg 768w, https:\/\/www.olgamunari.com\/wp-content\/uploads\/2022\/09\/Joelle-and-Dahna-08-1025x1536.jpg 1025w, https:\/\/www.olgamunari.com\/wp-content\/uploads\/2022\/09\/Joelle-and-Dahna-08-1366x2048.jpg 1366w, https:\/\/www.olgamunari.com\/wp-content\/uploads\/2022\/09\/Joelle-and-Dahna-08.jpg 1668w\" sizes=\"(max-width: 683px) 100vw, 683px\" \/>\t\t\t\t\t\t\t\t\t\t\t\t\t\t\t<\/div>\n\t\t\t\t<\/div>\n\t\t\t\t<div class=\"elementor-element elementor-element-476f787d elementor-widget elementor-widget-heading\" data-id=\"476f787d\" data-element_type=\"widget\" data-e-type=\"widget\" data-widget_type=\"heading.default\">\n\t\t\t\t<div class=\"elementor-widget-container\">\n\t\t\t\t\t<h3 class=\"elementor-heading-title elementor-size-default\">\u00e0 propos d'olga<\/h3>\t\t\t\t<\/div>\n\t\t\t\t<\/div>\n\t\t\t\t<div class=\"elementor-element elementor-element-5ed59997 elementor-widget elementor-widget-text-editor\" data-id=\"5ed59997\" data-element_type=\"widget\" data-e-type=\"widget\" data-widget_type=\"text-editor.default\">\n\t\t\t\t<div class=\"elementor-widget-container\">\n\t\t\t\t\t\t\t\t\t<p>Auteure, instructrice de m\u00e9ditation, psychologue spirituelle, coach de vie pour le bien-\u00eatre, philanthrope et conf\u00e9renci\u00e8re motivationnelle.<\/p>\t\t\t\t\t\t\t\t<\/div>\n\t\t\t\t<\/div>\n\t\t\t\t<div class=\"elementor-element elementor-element-59b7def7 elementor-grid-1 elementor-posts--thumbnail-none elementor-grid-tablet-1 elementor-grid-mobile-1 elementor-widget elementor-widget-posts\" data-id=\"59b7def7\" data-element_type=\"widget\" data-e-type=\"widget\" data-settings=\"{&quot;classic_columns&quot;:&quot;1&quot;,&quot;classic_columns_tablet&quot;:&quot;1&quot;,&quot;classic_columns_mobile&quot;:&quot;1&quot;,&quot;classic_row_gap&quot;:{&quot;unit&quot;:&quot;px&quot;,&quot;size&quot;:35,&quot;sizes&quot;:[]},&quot;classic_row_gap_tablet&quot;:{&quot;unit&quot;:&quot;px&quot;,&quot;size&quot;:&quot;&quot;,&quot;sizes&quot;:[]},&quot;classic_row_gap_mobile&quot;:{&quot;unit&quot;:&quot;px&quot;,&quot;size&quot;:&quot;&quot;,&quot;sizes&quot;:[]}}\" data-widget_type=\"posts.classic\">\n\t\t\t\t<div class=\"elementor-widget-container\">\n\t\t\t\t\t\t\t<div class=\"elementor-posts-container elementor-posts elementor-posts--skin-classic elementor-grid\" role=\"list\">\n\t\t\t\t<article class=\"elementor-post elementor-grid-item post-2676 post type-post status-publish format-standard has-post-thumbnail hentry category-les-joyaux-dolga\" role=\"listitem\">\n\t\t\t\t<div class=\"elementor-post__text\">\n\t\t\t\t<h3 class=\"elementor-post__title\">\n\t\t\t<a href=\"https:\/\/www.olgamunari.com\/fr\/shalom-thomson\/\" >\n\t\t\t\tShalom Thomson\t\t\t<\/a>\n\t\t<\/h3>\n\t\t\n\t\t<a class=\"elementor-post__read-more\" href=\"https:\/\/www.olgamunari.com\/fr\/shalom-thomson\/\" aria-label=\"En savoir plus sur Shalom Thomson\" tabindex=\"-1\" >\n\t\t\tLire plus \"\t\t<\/a>\n\n\t\t\t\t<\/div>\n\t\t\t\t<\/article>\n\t\t\t\t<article class=\"elementor-post elementor-grid-item post-2695 post type-post status-publish format-standard has-post-thumbnail hentry category-appuyez-sur category-podcast-fr\" role=\"listitem\">\n\t\t\t\t<div class=\"elementor-post__text\">\n\t\t\t\t<h3 class=\"elementor-post__title\">\n\t\t\t<a href=\"https:\/\/www.olgamunari.com\/fr\/la-decouverte-de-la-joie-podcast-avec-lcc\/\" >\n\t\t\t\tla d\u00e9couverte de la joie Podcast avec LCC\t\t\t<\/a>\n\t\t<\/h3>\n\t\t\n\t\t<a class=\"elementor-post__read-more\" href=\"https:\/\/www.olgamunari.com\/fr\/la-decouverte-de-la-joie-podcast-avec-lcc\/\" aria-label=\"En savoir plus sur la d\u00e9couverte de la joie Podcast avec LCC\" tabindex=\"-1\" >\n\t\t\tLire plus \"\t\t<\/a>\n\n\t\t\t\t<\/div>\n\t\t\t\t<\/article>\n\t\t\t\t<article class=\"elementor-post elementor-grid-item post-2704 post type-post status-publish format-standard has-post-thumbnail hentry category-journal\" role=\"listitem\">\n\t\t\t\t<div class=\"elementor-post__text\">\n\t\t\t\t<h3 class=\"elementor-post__title\">\n\t\t\t<a href=\"https:\/\/www.olgamunari.com\/fr\/qui-tient-le-stylo\/\" >\n\t\t\t\tQui tient le stylo ?\t\t\t<\/a>\n\t\t<\/h3>\n\t\t\n\t\t<a class=\"elementor-post__read-more\" href=\"https:\/\/www.olgamunari.com\/fr\/qui-tient-le-stylo\/\" aria-label=\"En savoir plus sur Qui tient le stylo ?\" tabindex=\"-1\" >\n\t\t\tLire plus \"\t\t<\/a>\n\n\t\t\t\t<\/div>\n\t\t\t\t<\/article>\n\t\t\t\t<article class=\"elementor-post elementor-grid-item post-2713 post type-post status-publish format-standard has-post-thumbnail hentry category-guerison-par-le-son\" role=\"listitem\">\n\t\t\t\t<div class=\"elementor-post__text\">\n\t\t\t\t<h3 class=\"elementor-post__title\">\n\t\t\t<a href=\"https:\/\/www.olgamunari.com\/fr\/bols-chantants-tibetains-la-guerison-par-le-petit-bout-de-la-lorgnette\/\" >\n\t\t\t\tBols chantants tib\u00e9tains &#8211; La gu\u00e9rison par le petit bout de la lorgnette\t\t\t<\/a>\n\t\t<\/h3>\n\t\t\n\t\t<a class=\"elementor-post__read-more\" href=\"https:\/\/www.olgamunari.com\/fr\/bols-chantants-tibetains-la-guerison-par-le-petit-bout-de-la-lorgnette\/\" aria-label=\"En savoir plus sur Bols chantants tib\u00e9tains &#8211; La gu\u00e9rison par le petit bout de la lorgnette\" tabindex=\"-1\" >\n\t\t\tLire plus \"\t\t<\/a>\n\n\t\t\t\t<\/div>\n\t\t\t\t<\/article>\n\t\t\t\t<\/div>\n\t\t\n\t\t\t\t\t\t<\/div>\n\t\t\t\t<\/div>\n\t\t\t\t\t<\/div>\n\t\t<\/div>\n\t\t\t\t\t<\/div>\n\t\t<\/section>\n\t\t\t\t<\/div>\n\t\t","protected":false},"excerpt":{"rendered":"<p>Presse https:\/\/www.youtube.com\/watch?time_continue=14&#038;v=AkJ7AoDZDFU&#038;feature=emb_logohttps:\/\/www.youtube.com\/watch?v=a4euRGb5jKMhttps:\/\/www.youtube.com\/watch?v=tZN4bStBXww \u00e0 propos d&rsquo;olga Auteure, instructrice de m\u00e9ditation, psychologue spirituelle, coach de vie pour le bien-\u00eatre, philanthrope et conf\u00e9renci\u00e8re motivationnelle.<\/p>\n","protected":false},"author":1,"featured_media":0,"parent":0,"menu_order":0,"comment_status":"closed","ping_status":"closed","template":"","meta":{"site-sidebar-layout":"no-sidebar","site-content-layout":"page-builder","ast-site-content-layout":"default","site-content-style":"default","site-sidebar-style":"default","ast-global-header-display":"","ast-banner-title-visibility":"","ast-main-header-display":"","ast-hfb-above-header-display":"","ast-hfb-below-header-display":"","ast-hfb-mobile-header-display":"","site-post-title":"disabled","ast-breadcrumbs-content":"","ast-featured-img":"disabled","footer-sml-layout":"","ast-disable-related-posts":"","theme-transparent-header-meta":"","adv-header-id-meta":"","stick-header-meta":"","header-above-stick-meta":"","header-main-stick-meta":"","header-below-stick-meta":"","astra-migrate-meta-layouts":"default","ast-page-background-enabled":"default","ast-page-background-meta":{"desktop":{"background-color":"","background-image":"","background-repeat":"repeat","background-position":"center center","background-size":"auto","background-attachment":"scroll","background-type":"","background-media":"","overlay-type":"","overlay-color":"","overlay-opacity":"","overlay-gradient":""},"tablet":{"background-color":"","background-image":"","background-repeat":"repeat","background-position":"center center","background-size":"auto","background-attachment":"scroll","background-type":"","background-media":"","overlay-type":"","overlay-color":"","overlay-opacity":"","overlay-gradient":""},"mobile":{"background-color":"","background-image":"","background-repeat":"repeat","background-position":"center center","background-size":"auto","background-attachment":"scroll","background-type":"","background-media":"","overlay-type":"","overlay-color":"","overlay-opacity":"","overlay-gradient":""}},"ast-content-background-meta":{"desktop":{"background-color":"var(--ast-global-color-5)","background-image":"","background-repeat":"repeat","background-position":"center center","background-size":"auto","background-attachment":"scroll","background-type":"","background-media":"","overlay-type":"","overlay-color":"","overlay-opacity":"","overlay-gradient":""},"tablet":{"background-color":"var(--ast-global-color-5)","background-image":"","background-repeat":"repeat","background-position":"center center","background-size":"auto","background-attachment":"scroll","background-type":"","background-media":"","overlay-type":"","overlay-color":"","overlay-opacity":"","overlay-gradient":""},"mobile":{"background-color":"var(--ast-global-color-5)","background-image":"","background-repeat":"repeat","background-position":"center center","background-size":"auto","background-attachment":"scroll","background-type":"","background-media":"","overlay-type":"","overlay-color":"","overlay-opacity":"","overlay-gradient":""}},"footnotes":""},"class_list":["post-2702","page","type-page","status-publish","hentry"],"yoast_head":"<!-- This site is optimized with the Yoast SEO plugin v27.2 - https:\/\/yoast.com\/product\/yoast-seo-wordpress\/ -->\n<title>Presse - Olga Munari<\/title>\n<meta name=\"robots\" content=\"index, follow, max-snippet:-1, max-image-preview:large, max-video-preview:-1\" \/>\n<link rel=\"canonical\" href=\"https:\/\/www.olgamunari.com\/fr\/presse\/\" \/>\n<meta property=\"og:locale\" content=\"fr_FR\" \/>\n<meta property=\"og:type\" content=\"article\" \/>\n<meta property=\"og:title\" content=\"Presse - Olga Munari\" \/>\n<meta property=\"og:description\" content=\"Presse https:\/\/www.youtube.com\/watch?time_continue=14&#038;v=AkJ7AoDZDFU&#038;feature=emb_logohttps:\/\/www.youtube.com\/watch?v=a4euRGb5jKMhttps:\/\/www.youtube.com\/watch?v=tZN4bStBXww \u00e0 propos d&rsquo;olga Auteure, instructrice de m\u00e9ditation, psychologue spirituelle, coach de vie pour le bien-\u00eatre, philanthrope et conf\u00e9renci\u00e8re motivationnelle.\" \/>\n<meta property=\"og:url\" content=\"https:\/\/www.olgamunari.com\/fr\/presse\/\" \/>\n<meta property=\"og:site_name\" content=\"Olga Munari\" \/>\n<meta property=\"article:modified_time\" content=\"2023-06-07T03:49:20+00:00\" \/>\n<meta property=\"og:image\" content=\"https:\/\/www.olgamunari.com\/wp-content\/uploads\/2022\/09\/Joelle-and-Dahna-08-683x1024.jpg\" \/>\n<meta name=\"twitter:card\" content=\"summary_large_image\" \/>\n<meta name=\"twitter:label1\" content=\"Dur\u00e9e de lecture estim\u00e9e\" \/>\n\t<meta name=\"twitter:data1\" content=\"2 minutes\" \/>\n<script type=\"application\/ld+json\" class=\"yoast-schema-graph\">{\"@context\":\"https:\/\/schema.org\",\"@graph\":[{\"@type\":\"WebPage\",\"@id\":\"https:\/\/www.olgamunari.com\/fr\/presse\/\",\"url\":\"https:\/\/www.olgamunari.com\/fr\/presse\/\",\"name\":\"Presse - Olga Munari\",\"isPartOf\":{\"@id\":\"https:\/\/www.olgamunari.com\/fr\/#website\"},\"primaryImageOfPage\":{\"@id\":\"https:\/\/www.olgamunari.com\/fr\/presse\/#primaryimage\"},\"image\":{\"@id\":\"https:\/\/www.olgamunari.com\/fr\/presse\/#primaryimage\"},\"thumbnailUrl\":\"https:\/\/www.olgamunari.com\/wp-content\/uploads\/2022\/09\/Joelle-and-Dahna-08-683x1024.jpg\",\"datePublished\":\"2022-10-14T19:40:18+00:00\",\"dateModified\":\"2023-06-07T03:49:20+00:00\",\"breadcrumb\":{\"@id\":\"https:\/\/www.olgamunari.com\/fr\/presse\/#breadcrumb\"},\"inLanguage\":\"fr-FR\",\"potentialAction\":[{\"@type\":\"ReadAction\",\"target\":[\"https:\/\/www.olgamunari.com\/fr\/presse\/\"]}]},{\"@type\":\"ImageObject\",\"inLanguage\":\"fr-FR\",\"@id\":\"https:\/\/www.olgamunari.com\/fr\/presse\/#primaryimage\",\"url\":\"https:\/\/www.olgamunari.com\/wp-content\/uploads\/2022\/09\/Joelle-and-Dahna-08-683x1024.jpg\",\"contentUrl\":\"https:\/\/www.olgamunari.com\/wp-content\/uploads\/2022\/09\/Joelle-and-Dahna-08-683x1024.jpg\"},{\"@type\":\"BreadcrumbList\",\"@id\":\"https:\/\/www.olgamunari.com\/fr\/presse\/#breadcrumb\",\"itemListElement\":[{\"@type\":\"ListItem\",\"position\":1,\"name\":\"Home\",\"item\":\"https:\/\/www.olgamunari.com\/fr\/\"},{\"@type\":\"ListItem\",\"position\":2,\"name\":\"Presse\"}]},{\"@type\":\"WebSite\",\"@id\":\"https:\/\/www.olgamunari.com\/fr\/#website\",\"url\":\"https:\/\/www.olgamunari.com\/fr\/\",\"name\":\"Olga Munari\",\"description\":\"Olga Munari\",\"publisher\":{\"@id\":\"https:\/\/www.olgamunari.com\/fr\/#organization\"},\"potentialAction\":[{\"@type\":\"SearchAction\",\"target\":{\"@type\":\"EntryPoint\",\"urlTemplate\":\"https:\/\/www.olgamunari.com\/fr\/?s={search_term_string}\"},\"query-input\":{\"@type\":\"PropertyValueSpecification\",\"valueRequired\":true,\"valueName\":\"search_term_string\"}}],\"inLanguage\":\"fr-FR\"},{\"@type\":\"Organization\",\"@id\":\"https:\/\/www.olgamunari.com\/fr\/#organization\",\"name\":\"Olga Munari\",\"url\":\"https:\/\/www.olgamunari.com\/fr\/\",\"logo\":{\"@type\":\"ImageObject\",\"inLanguage\":\"fr-FR\",\"@id\":\"https:\/\/www.olgamunari.com\/fr\/#\/schema\/logo\/image\/\",\"url\":\"https:\/\/www.olgamunari.com\/wp-content\/uploads\/2026\/01\/cropped-OM_logo_col.png\",\"contentUrl\":\"https:\/\/www.olgamunari.com\/wp-content\/uploads\/2026\/01\/cropped-OM_logo_col.png\",\"width\":708,\"height\":346,\"caption\":\"Olga Munari\"},\"image\":{\"@id\":\"https:\/\/www.olgamunari.com\/fr\/#\/schema\/logo\/image\/\"}}]}<\/script>\n<!-- \/ Yoast SEO plugin. -->","yoast_head_json":{"title":"Presse - Olga Munari","robots":{"index":"index","follow":"follow","max-snippet":"max-snippet:-1","max-image-preview":"max-image-preview:large","max-video-preview":"max-video-preview:-1"},"canonical":"https:\/\/www.olgamunari.com\/fr\/presse\/","og_locale":"fr_FR","og_type":"article","og_title":"Presse - Olga Munari","og_description":"Presse https:\/\/www.youtube.com\/watch?time_continue=14&#038;v=AkJ7AoDZDFU&#038;feature=emb_logohttps:\/\/www.youtube.com\/watch?v=a4euRGb5jKMhttps:\/\/www.youtube.com\/watch?v=tZN4bStBXww \u00e0 propos d&rsquo;olga Auteure, instructrice de m\u00e9ditation, psychologue spirituelle, coach de vie pour le bien-\u00eatre, philanthrope et conf\u00e9renci\u00e8re motivationnelle.","og_url":"https:\/\/www.olgamunari.com\/fr\/presse\/","og_site_name":"Olga Munari","article_modified_time":"2023-06-07T03:49:20+00:00","og_image":[{"url":"https:\/\/www.olgamunari.com\/wp-content\/uploads\/2022\/09\/Joelle-and-Dahna-08-683x1024.jpg","type":"","width":"","height":""}],"twitter_card":"summary_large_image","twitter_misc":{"Dur\u00e9e de lecture estim\u00e9e":"2 minutes"},"schema":{"@context":"https:\/\/schema.org","@graph":[{"@type":"WebPage","@id":"https:\/\/www.olgamunari.com\/fr\/presse\/","url":"https:\/\/www.olgamunari.com\/fr\/presse\/","name":"Presse - Olga Munari","isPartOf":{"@id":"https:\/\/www.olgamunari.com\/fr\/#website"},"primaryImageOfPage":{"@id":"https:\/\/www.olgamunari.com\/fr\/presse\/#primaryimage"},"image":{"@id":"https:\/\/www.olgamunari.com\/fr\/presse\/#primaryimage"},"thumbnailUrl":"https:\/\/www.olgamunari.com\/wp-content\/uploads\/2022\/09\/Joelle-and-Dahna-08-683x1024.jpg","datePublished":"2022-10-14T19:40:18+00:00","dateModified":"2023-06-07T03:49:20+00:00","breadcrumb":{"@id":"https:\/\/www.olgamunari.com\/fr\/presse\/#breadcrumb"},"inLanguage":"fr-FR","potentialAction":[{"@type":"ReadAction","target":["https:\/\/www.olgamunari.com\/fr\/presse\/"]}]},{"@type":"ImageObject","inLanguage":"fr-FR","@id":"https:\/\/www.olgamunari.com\/fr\/presse\/#primaryimage","url":"https:\/\/www.olgamunari.com\/wp-content\/uploads\/2022\/09\/Joelle-and-Dahna-08-683x1024.jpg","contentUrl":"https:\/\/www.olgamunari.com\/wp-content\/uploads\/2022\/09\/Joelle-and-Dahna-08-683x1024.jpg"},{"@type":"BreadcrumbList","@id":"https:\/\/www.olgamunari.com\/fr\/presse\/#breadcrumb","itemListElement":[{"@type":"ListItem","position":1,"name":"Home","item":"https:\/\/www.olgamunari.com\/fr\/"},{"@type":"ListItem","position":2,"name":"Presse"}]},{"@type":"WebSite","@id":"https:\/\/www.olgamunari.com\/fr\/#website","url":"https:\/\/www.olgamunari.com\/fr\/","name":"Olga Munari","description":"Olga Munari","publisher":{"@id":"https:\/\/www.olgamunari.com\/fr\/#organization"},"potentialAction":[{"@type":"SearchAction","target":{"@type":"EntryPoint","urlTemplate":"https:\/\/www.olgamunari.com\/fr\/?s={search_term_string}"},"query-input":{"@type":"PropertyValueSpecification","valueRequired":true,"valueName":"search_term_string"}}],"inLanguage":"fr-FR"},{"@type":"Organization","@id":"https:\/\/www.olgamunari.com\/fr\/#organization","name":"Olga Munari","url":"https:\/\/www.olgamunari.com\/fr\/","logo":{"@type":"ImageObject","inLanguage":"fr-FR","@id":"https:\/\/www.olgamunari.com\/fr\/#\/schema\/logo\/image\/","url":"https:\/\/www.olgamunari.com\/wp-content\/uploads\/2026\/01\/cropped-OM_logo_col.png","contentUrl":"https:\/\/www.olgamunari.com\/wp-content\/uploads\/2026\/01\/cropped-OM_logo_col.png","width":708,"height":346,"caption":"Olga Munari"},"image":{"@id":"https:\/\/www.olgamunari.com\/fr\/#\/schema\/logo\/image\/"}}]}},"_links":{"self":[{"href":"https:\/\/www.olgamunari.com\/fr\/wp-json\/wp\/v2\/pages\/2702","targetHints":{"allow":["GET"]}}],"collection":[{"href":"https:\/\/www.olgamunari.com\/fr\/wp-json\/wp\/v2\/pages"}],"about":[{"href":"https:\/\/www.olgamunari.com\/fr\/wp-json\/wp\/v2\/types\/page"}],"author":[{"embeddable":true,"href":"https:\/\/www.olgamunari.com\/fr\/wp-json\/wp\/v2\/users\/1"}],"replies":[{"embeddable":true,"href":"https:\/\/www.olgamunari.com\/fr\/wp-json\/wp\/v2\/comments?post=2702"}],"version-history":[{"count":13,"href":"https:\/\/www.olgamunari.com\/fr\/wp-json\/wp\/v2\/pages\/2702\/revisions"}],"predecessor-version":[{"id":2930,"href":"https:\/\/www.olgamunari.com\/fr\/wp-json\/wp\/v2\/pages\/2702\/revisions\/2930"}],"wp:attachment":[{"href":"https:\/\/www.olgamunari.com\/fr\/wp-json\/wp\/v2\/media?parent=2702"}],"curies":[{"name":"wp","href":"https:\/\/api.w.org\/{rel}","templated":true}]}}